{"id":50,"date":"2012-08-31T19:28:05","date_gmt":"2012-08-31T19:28:05","guid":{"rendered":"https:\/\/reiner-geiger.online\/clone\/?page_id=50"},"modified":"2020-06-03T17:21:26","modified_gmt":"2020-06-03T17:21:26","slug":"open-source","status":"publish","type":"page","link":"https:\/\/reiner-geiger.de\/?page_id=50","title":{"rendered":"open source"},"content":{"rendered":"<div  data-id=\"initial-content-section\" data-export-id=\"initial-content-section\" data-label=\"Initial Content\" id=\"initial-content-section\" class=\"content-section content-section-spacing\" style=\"background-image: none; background-color: rgb(255, 255, 255);\">\n   <div  class=\"gridContainer\">\n     <div  class=\"row\">\n\n        <div  class=\"col-xs-12 col-sm-12\">                <p ><span  style=\"font-family: Verdana,sans-serif;\"><span  style=\"font-size: small;\">Die Entscheidung zum Umstieg auf Open Source Software f\u00e4llt manchmal nicht leicht, und eine Evaluierung im laufenden Gesch\u00e4ftsbetrieb wird manchmal zur erheblichen Belastung f\u00fcr Ihre IT-Verantwortlichen. Dies trifft besonders f\u00fcr kleine und Handwerksbetriebe zu, welche mangels eigener Fachkompetenz den Schritt zu Open Source Software garnicht aus eigener Kraft wagen k\u00f6nnen. <\/span><\/span><\/p>\n<p ><span  style=\"font-family: Verdana,sans-serif;\"><span  style=\"font-size: small;\">Ich leiste Hilfestellung bei der Auswahl des optimalen Betriebssystems sowie passender Anwendungssoftware f\u00fcr Ihre IT-Systeme, und lasse Sie auch w\u00e4hren der Umstellung nicht allein!<\/span><\/span><\/p>\n<p ><span  style=\"color: #000000;\"><span  style=\"font-family: Verdana,sans-serif;\"><span  style=\"font-size: small;\"><strong >Betriebssystem<\/strong><\/span><\/span><\/span><\/p>\n<hr >\n<ul >\n<li ><span  style=\"font-family: Verdana,sans-serif;\"><span  style=\"font-size: small;\">Empfohlenes Betriebssystem f\u00fcr Desktop PC : UBUNTU 18.04 LTS (mit Langzeitsupport) <\/span><\/span><\/li>\n<li ><span  style=\"font-family: Verdana,sans-serif;\"><span  style=\"font-size: small;\">Empfohlenes Betriebssystem f\u00fcr Server : UBUNTU 18.04 LTS (mit Langzeitsupport) <\/span><\/span><\/li>\n<li ><span  style=\"font-family: Verdana,sans-serif;\"><span  style=\"font-size: small;\">Alternativ sind auch die auf UBUNTU basierenden Distributionen gut einsetzbar.<\/span><\/span><\/li>\n<li ><span  style=\"font-family: Verdana,sans-serif;\"><span  style=\"font-size: small;\">Optionale Empfehlung: Univention Corporate Server \u2013 Community Edition 4.4 (debian) \/ Linix Mint 19.1<br >\n<\/span><\/span><\/li>\n<li ><span  style=\"font-family: Verdana,sans-serif;\"><span  style=\"font-size: small;\">Seit Mai 2018 steht die neue UBUNTU Variante mit Langzeitsupport zur Verf\u00fcgung, und wurde von mir auf Praxistauglichkeit getestet.<\/span><\/span><\/li>\n<\/ul>\n\n          <\/div>\n      <\/div>\n  <\/div>\n<\/div>","protected":false},"excerpt":{"rendered":"<p>Die Entscheidung zum Umstieg auf Open Source Software f\u00e4llt manchmal nicht leicht, und eine Evaluierung im laufenden Gesch\u00e4ftsbetrieb wird manchmal zur erheblichen Belastung f\u00fcr Ihre IT-Verantwortlichen. Dies trifft besonders f\u00fcr kleine und Handwerksbetriebe zu, welche mangels eigener Fachkompetenz den Schritt zu Open Source Software garnicht aus eigener Kraft wagen k\u00f6nnen. Ich leiste Hilfestellung bei der&hellip; <br \/> <a class=\"read-more\" href=\"https:\/\/reiner-geiger.de\/?page_id=50\">Weiterlesen<\/a><\/p>\n","protected":false},"author":1,"featured_media":0,"parent":0,"menu_order":0,"comment_status":"closed","ping_status":"closed","template":"pro\/page-templates\/full-width-page.php","meta":{"footnotes":""},"class_list":["post-50","page","type-page","status-publish","hentry"],"_links":{"self":[{"href":"https:\/\/reiner-geiger.de\/index.php?rest_route=\/wp\/v2\/pages\/50","targetHints":{"allow":["GET"]}}],"collection":[{"href":"https:\/\/reiner-geiger.de\/index.php?rest_route=\/wp\/v2\/pages"}],"about":[{"href":"https:\/\/reiner-geiger.de\/index.php?rest_route=\/wp\/v2\/types\/page"}],"author":[{"embeddable":true,"href":"https:\/\/reiner-geiger.de\/index.php?rest_route=\/wp\/v2\/users\/1"}],"replies":[{"embeddable":true,"href":"https:\/\/reiner-geiger.de\/index.php?rest_route=%2Fwp%2Fv2%2Fcomments&post=50"}],"version-history":[{"count":10,"href":"https:\/\/reiner-geiger.de\/index.php?rest_route=\/wp\/v2\/pages\/50\/revisions"}],"predecessor-version":[{"id":696,"href":"https:\/\/reiner-geiger.de\/index.php?rest_route=\/wp\/v2\/pages\/50\/revisions\/696"}],"wp:attachment":[{"href":"https:\/\/reiner-geiger.de\/index.php?rest_route=%2Fwp%2Fv2%2Fmedia&parent=50"}],"curies":[{"name":"wp","href":"https:\/\/api.w.org\/{rel}","templated":true}]}}