{"id":48,"date":"2012-08-31T19:27:33","date_gmt":"2012-08-31T19:27:33","guid":{"rendered":"https:\/\/reiner-geiger.online\/clone\/?page_id=48"},"modified":"2020-06-03T17:25:26","modified_gmt":"2020-06-03T17:25:26","slug":"energie","status":"publish","type":"page","link":"https:\/\/reiner-geiger.de\/?page_id=48","title":{"rendered":"energie"},"content":{"rendered":"<div  data-id=\"initial-content-section\" data-export-id=\"initial-content-section\" data-label=\"Initial Content\" id=\"initial-content-section\" class=\"content-section content-section-spacing\" style=\"background-image: none; background-color: rgb(255, 255, 255);\">\n   <div  class=\"gridContainer\">\n     <div  class=\"row\">\n\n        <div  class=\"col-xs-12 col-sm-12\">                <p ><span  style=\"font-family: Verdana,sans-serif;\"><span  style=\"font-size: small;\">Die Energieeffizienz alter und neuer Heizungsanlagen im realen Betrieb ist nur schwer zu beurteilen, weil \u00fcblicherweise das reale Regelverhalten des Gesamtsystems nicht wirklich bekannt ist.<\/span><\/span><\/p>\n<p ><span  style=\"font-family: Verdana,sans-serif;\"><span  style=\"font-size: small;\">Weit verbreitet ist ein Betrieb mit den werksm\u00e4\u00dfigen Voreinstellungen. Die Einstellungen werden meist nicht an die Gegebenheiten angepasst und auf Korrektheit untersucht. Der messtechnische Aufwand ist meist zu gro\u00df, und die Heizungssysteme liefern keine \u201aEchtzeitdaten\u2018 f\u00fcr eine Auswertung<\/span><\/span><\/p>\n<p ><span  style=\"font-family: Verdana,sans-serif;\"><span  style=\"font-size: small;\">Die Kenntnis <strong >aller realen Daten <\/strong>ist jedoch die Voraussetzung einer fachgerechten Beurteilung.<\/span><\/span><\/p>\n<p ><span  style=\"font-family: Verdana,sans-serif;\"><span  style=\"font-size: small;\">Eine Erfassung der geb\u00e4udespezifischen Betriebsdaten \u2013 wie Geb\u00e4ude-Energiebedarf und Anlagenparameter bez\u00fcglich Heizk\u00f6rper und Leitungssystem \u2013 reichen nicht aus.<\/span><\/span><\/p>\n<p ><span  style=\"font-family: Verdana,sans-serif;\"><span  style=\"font-size: small;\">Erst die Erfassung aller existenten Parameter und die Auswertung von Messergebnissen lassen eine realistische Bestandsaufnahme und die Einleitung ad\u00e4quater Sanierung und Anlagenoptimierung zu. Zur Erfolgskontrolle der erfolgten Ma\u00dfnahmen ist nochmals eine Erfassung der Betriebsdaten erforderlich, um einen Vergleich mit den vorher ermittelten Daten durchf\u00fchren zu k\u00f6nnen.<\/span><\/span><\/p>\n<p ><span  style=\"font-family: Verdana,sans-serif;\"><span  style=\"font-size: small;\">Mit unserer Messtechnik l\u00e4sst sich jede Temperatur und auch jede elektromechanische Komponente im Heizsystem erfassen, und auch \u00fcber l\u00e4ngere Zeit \u2013 auch eine ganze Saison \u2013 erfassen, und somit kann ein Gesamtbild der Regelvorg\u00e4nge entstehen.<\/span><\/span><\/p>\n<p ><span  style=\"font-family: Verdana,sans-serif;\"><span  style=\"font-size: small;\">F\u00fcr Informationen \u00fcber Messtechnik und die angebotenen Beratungsleistungen kontaktieren Sie mich einfach via E-Mail oder Telefon!<\/span><\/span><\/p>\n<p ><span  style=\"font-family: Verdana,sans-serif;\"><span  style=\"font-size: small;\"><strong >Messtechnik f\u00fcr bestehende Heizungsanlagen<\/strong><\/span><\/span><\/p>\n<hr >\n<ul >\n<li ><span  style=\"font-family: Verdana,sans-serif;\"><span  style=\"font-size: small;\">Durch den Einsatz spezieller nichtinvasiver Messtechnik zur Datenerhebung k\u00f6nnen die vollst\u00e4ndigen Anlagendaten ohne Eingriff in die Anlagentechnik erfasst werden.<\/span><\/span><\/li>\n<li ><span  style=\"font-family: Verdana,sans-serif;\"><span  style=\"font-size: small;\">Erfassung von Pumpen- und Brennerlaufzeiten<\/span><\/span><\/li>\n<li ><span  style=\"font-family: Verdana,sans-serif;\"><span  style=\"font-size: small;\">Die Erfassung von Daten kann auch bei alten Anlagen Problemlos durchgef\u00fchrt werden <\/span><\/span><\/li>\n<li ><span  style=\"font-family: Verdana,sans-serif;\"><span  style=\"font-size: small;\">Es gibt nahezu keine Beschr\u00e4nkung der Sensorzahlen<\/span><\/span><\/li>\n<li ><span  style=\"font-family: Verdana,sans-serif;\"><span  style=\"font-size: small;\">Beratung zur Optimierung existenter Technik. <\/span><\/span><\/li>\n<\/ul>\n<p ><span  style=\"font-family: Verdana,sans-serif;\"><span  style=\"font-size: small;\"><strong >Auswertung und Beratung des Handwerks<\/strong><\/span><\/span><\/p>\n<hr >\n<ul >\n<li ><span  style=\"font-family: Verdana,sans-serif;\"><span  style=\"font-size: small;\">Die Datenerfassung wird auch als Service f\u00fcr Energieberater und Handwerksbetriebe angeboten.<\/span><\/span><\/li>\n<li ><span  style=\"font-family: Verdana,sans-serif;\"><span  style=\"font-size: small;\">Mittels spezieller Software kann eine optimale Auswertung der Messdaten erfolgen<\/span><\/span><\/li>\n<li ><span  style=\"font-family: Verdana,sans-serif;\"><span  style=\"font-size: small;\">Mitarbeiterschulung zum Einsatz und\/oder Auswertung der Messtechnik<\/span><\/span><\/li>\n<\/ul>\n<p ><span  style=\"color: #000000;\"><span  style=\"font-family: Verdana,sans-serif;\"><span  style=\"font-size: small;\"><strong >Datenerfassung und Betriebs\u00fcberwachung f\u00fcr Hausverwaltungen und Hausbesitzer <\/strong><\/span><\/span><\/span><\/p>\n<hr >\n<ul >\n<li ><span  style=\"font-family: Verdana,sans-serif;\"><span  style=\"font-size: small;\">Die Datenerfassung kann \u00fcber einen Internetzugang an ein zentrales Datensammelsystem (als zubuchbare Dienstleistung) angebunden werden<\/span><\/span><\/li>\n<\/ul>\n<ul >\n<li ><span  style=\"font-family: Verdana,sans-serif;\"><span  style=\"font-size: small;\">Durch die kontinuierliche automatische \u00dcberwachung beliebiger Anlagenparameter ist eine E-Mail- oder SMS-Benachrichtigung bei beliebigen Situationen einstellbar<\/span><\/span><\/li>\n<\/ul>\n\n          <\/div>\n      <\/div>\n  <\/div>\n<\/div>","protected":false},"excerpt":{"rendered":"<p>Die Energieeffizienz alter und neuer Heizungsanlagen im realen Betrieb ist nur schwer zu beurteilen, weil \u00fcblicherweise das reale Regelverhalten des Gesamtsystems nicht wirklich bekannt ist. Weit verbreitet ist ein Betrieb mit den werksm\u00e4\u00dfigen Voreinstellungen. Die Einstellungen werden meist nicht an die Gegebenheiten angepasst und auf Korrektheit untersucht. Der messtechnische Aufwand ist meist zu gro\u00df, und&hellip; <br \/> <a class=\"read-more\" href=\"https:\/\/reiner-geiger.de\/?page_id=48\">Weiterlesen<\/a><\/p>\n","protected":false},"author":1,"featured_media":0,"parent":0,"menu_order":0,"comment_status":"closed","ping_status":"closed","template":"pro\/page-templates\/full-width-page.php","meta":{"footnotes":""},"class_list":["post-48","page","type-page","status-publish","hentry"],"_links":{"self":[{"href":"https:\/\/reiner-geiger.de\/index.php?rest_route=\/wp\/v2\/pages\/48","targetHints":{"allow":["GET"]}}],"collection":[{"href":"https:\/\/reiner-geiger.de\/index.php?rest_route=\/wp\/v2\/pages"}],"about":[{"href":"https:\/\/reiner-geiger.de\/index.php?rest_route=\/wp\/v2\/types\/page"}],"author":[{"embeddable":true,"href":"https:\/\/reiner-geiger.de\/index.php?rest_route=\/wp\/v2\/users\/1"}],"replies":[{"embeddable":true,"href":"https:\/\/reiner-geiger.de\/index.php?rest_route=%2Fwp%2Fv2%2Fcomments&post=48"}],"version-history":[{"count":6,"href":"https:\/\/reiner-geiger.de\/index.php?rest_route=\/wp\/v2\/pages\/48\/revisions"}],"predecessor-version":[{"id":699,"href":"https:\/\/reiner-geiger.de\/index.php?rest_route=\/wp\/v2\/pages\/48\/revisions\/699"}],"wp:attachment":[{"href":"https:\/\/reiner-geiger.de\/index.php?rest_route=%2Fwp%2Fv2%2Fmedia&parent=48"}],"curies":[{"name":"wp","href":"https:\/\/api.w.org\/{rel}","templated":true}]}}