{"id":34,"date":"2012-08-31T19:21:29","date_gmt":"2012-08-31T19:21:29","guid":{"rendered":"https:\/\/reiner-geiger.online\/clone\/?page_id=34"},"modified":"2020-06-03T17:17:38","modified_gmt":"2020-06-03T17:17:38","slug":"it-projekte","status":"publish","type":"page","link":"https:\/\/reiner-geiger.de\/?page_id=34","title":{"rendered":"it projekte"},"content":{"rendered":"<div  data-id=\"initial-content-section\" data-export-id=\"initial-content-section\" data-label=\"Initial Content\" id=\"initial-content-section\" class=\"content-section content-section-spacing\" style=\"background-image: none; background-color: rgb(255, 255, 255);\">\n   <div  class=\"gridContainer\">\n     <div  class=\"row\">\n\n        <div  class=\"col-xs-12 col-sm-12\">                <p >Eine Auswahl von Projekten verschiedener Fachbereiche<\/p>\n<ul >\n<li ><span  style=\"color: #000000;\"><span  style=\"font-family: Verdana,sans-serif;\"><span  style=\"font-size: small;\">Planung netzwerkbasierender Flugl\u00e4rm- und Wetterme\u00dfstationen f\u00fcr den Einsatz auf Flugh\u00e4fen. Konzeptionierung der Hardware und Software von station\u00e4ren und mobilen Me\u00dfstellen. Netzwerkbasis: LAN, ISDN, Spread-Spectrum-Funktechnik.Erstellung von Angebotsunterlagen f\u00fcr die Teilnahme an Ausschreibungen. Unterlagenerstellung f\u00fcr die Auftragsvergabe und Beschaffung. Systembasis: QNX \/ LINUX.<\/span><\/span><\/span><\/li>\n<\/ul>\n<ul >\n<li ><span  style=\"color: #000000;\"><span  style=\"font-family: Verdana,sans-serif;\"><span  style=\"font-size: small;\">Inbetriebnahme von Kurzwellen-Datenfunksystemen und Schulung des technischen Personals. Planung und Beschaffung von Datenfunksystemen f\u00fcr eine Hilfsorganisation in Pakistan und Afghanistan. Erstellung von Schulungsunterlagen und technischem Informationsmaterial. \u00dcberwachung der Installation vor Ort. Ausbildung von Service- und Bedienungspersonal in mehrt\u00e4gigen Kursen in verschiedenen Einsatzorten.<\/span><\/span><\/span><\/li>\n<\/ul>\n<ul >\n<li ><span  style=\"color: #000000;\"><span  style=\"font-family: Verdana,sans-serif;\"><span  style=\"font-size: small;\">Ausbildung von Service- und Bedienungspersonal einer UHF Kommunikationsanlage in mehrt\u00e4gigen Kursen in Tanzania.<\/span><\/span><\/span><\/li>\n<\/ul>\n<ul >\n<li ><span  style=\"color: #000000;\"><span  style=\"font-family: Verdana,sans-serif;\"><span  style=\"font-size: small;\">Ausbildung von Service- und Bedienungspersonal eines Kurzwellen Datennetzes in mehrt\u00e4gigen Kursen in mehreren L\u00e4ndern Ost- und Westafrikas.<\/span><\/span><\/span><\/li>\n<\/ul>\n<ul >\n<li ><span  style=\"color: #000000;\"><span  style=\"font-family: Verdana,sans-serif;\"><span  style=\"font-size: small;\">Aufbau und Betreuung von Computernetzwerken (LAN \/ Novell), Anwenderschulung in einem Forschungsbetrieb der Halbleiterindustrie. Einf\u00fchrung von CAD Systemen im Bereich Konstruktion und Dokumentation. Weiterentwicklung von Steuerungssystemen. Mitarbeiterschulung und Kundenschulung. Dokumentationserstellung. <\/span><\/span><\/span><\/li>\n<\/ul>\n\n          <\/div>\n      <\/div>\n  <\/div>\n<\/div>","protected":false},"excerpt":{"rendered":"<p>Eine Auswahl von Projekten verschiedener Fachbereiche Planung netzwerkbasierender Flugl\u00e4rm- und Wetterme\u00dfstationen f\u00fcr den Einsatz auf Flugh\u00e4fen. Konzeptionierung der Hardware und Software von station\u00e4ren und mobilen Me\u00dfstellen. Netzwerkbasis: LAN, ISDN, Spread-Spectrum-Funktechnik.Erstellung von Angebotsunterlagen f\u00fcr die Teilnahme an Ausschreibungen. Unterlagenerstellung f\u00fcr die Auftragsvergabe und Beschaffung. Systembasis: QNX \/ LINUX. Inbetriebnahme von Kurzwellen-Datenfunksystemen und Schulung des technischen Personals.&hellip; <br \/> <a class=\"read-more\" href=\"https:\/\/reiner-geiger.de\/?page_id=34\">Weiterlesen<\/a><\/p>\n","protected":false},"author":1,"featured_media":0,"parent":0,"menu_order":0,"comment_status":"closed","ping_status":"closed","template":"pro\/page-templates\/full-width-page.php","meta":{"footnotes":""},"class_list":["post-34","page","type-page","status-publish","hentry"],"_links":{"self":[{"href":"https:\/\/reiner-geiger.de\/index.php?rest_route=\/wp\/v2\/pages\/34","targetHints":{"allow":["GET"]}}],"collection":[{"href":"https:\/\/reiner-geiger.de\/index.php?rest_route=\/wp\/v2\/pages"}],"about":[{"href":"https:\/\/reiner-geiger.de\/index.php?rest_route=\/wp\/v2\/types\/page"}],"author":[{"embeddable":true,"href":"https:\/\/reiner-geiger.de\/index.php?rest_route=\/wp\/v2\/users\/1"}],"replies":[{"embeddable":true,"href":"https:\/\/reiner-geiger.de\/index.php?rest_route=%2Fwp%2Fv2%2Fcomments&post=34"}],"version-history":[{"count":5,"href":"https:\/\/reiner-geiger.de\/index.php?rest_route=\/wp\/v2\/pages\/34\/revisions"}],"predecessor-version":[{"id":692,"href":"https:\/\/reiner-geiger.de\/index.php?rest_route=\/wp\/v2\/pages\/34\/revisions\/692"}],"wp:attachment":[{"href":"https:\/\/reiner-geiger.de\/index.php?rest_route=%2Fwp%2Fv2%2Fmedia&parent=34"}],"curies":[{"name":"wp","href":"https:\/\/api.w.org\/{rel}","templated":true}]}}