{"id":18,"date":"2012-08-31T16:38:06","date_gmt":"2012-08-31T16:38:06","guid":{"rendered":"https:\/\/reiner-geiger.online\/clone\/?page_id=18"},"modified":"2020-06-03T16:58:15","modified_gmt":"2020-06-03T16:58:15","slug":"impressum","status":"publish","type":"page","link":"https:\/\/reiner-geiger.de\/?page_id=18","title":{"rendered":"impressum+++"},"content":{"rendered":"<div  data-id=\"initial-content-section\" data-export-id=\"initial-content-section\" data-label=\"Initial Content\" id=\"initial-content-section\" class=\"content-section content-section-spacing\" data-section-ov=\"1\">\n   <div  class=\"gridContainer\">\n     <div  class=\"row\">\n\n        <div  class=\"col-xs-12 col-sm-12\">                <p ><span  style=\"font-family: Verdana,sans-serif;\"><span  style=\"font-size: small;\">Gem\u00e4\u00df \u00a7 28 BDSG widerspreche ich jeder kommerziellen Verwendung und Weitergabe meiner Daten<\/span><\/span>.<\/p>\n<p ><span  style=\"color: #000000;\"><span  style=\"font-family: Verdana,sans-serif;\"><span  style=\"font-size: small;\"><strong >Adresse<\/strong><\/span><\/span><\/span><\/p>\n<hr >\n<ul >\n<li ><span  style=\"font-family: Verdana,sans-serif;\"><span  style=\"font-size: small;\">Dip.-Ing. (FH) Reiner Geiger<\/span><\/span><\/li>\n<li ><span  style=\"font-family: Verdana,sans-serif;\"><span  style=\"font-size: small;\">Silscheder Str. 26<\/span><\/span><\/li>\n<li ><span  style=\"font-family: Verdana,sans-serif;\"><span  style=\"font-size: small;\">D-45549 Sprockh\u00f6vel<\/span><\/span><\/li>\n<li ><span  style=\"font-family: Verdana,sans-serif;\"><span  style=\"font-size: small;\">Deutschland<\/span><\/span><\/li>\n<li ><span  style=\"font-family: Verdana,sans-serif;\"><span  style=\"font-size: small;\">Tel.: +49 (0) 2339 \/ 9088262<\/span><\/span><\/li>\n<li ><span  style=\"font-family: Verdana,sans-serif;\"><span  style=\"font-size: small;\">Fax: +49 (0) 2339 \/ 9088264<\/span><\/span><\/li>\n<li ><span  style=\"font-family: Verdana,sans-serif;\"><span  style=\"font-size: small;\">eMail: <a  href=\"mailto:info@reiner-geiger.de?subject=Anfrage\">Reiner Geiger<\/a> <\/span><\/span><\/li>\n<li ><span  style=\"font-family: Verdana,sans-serif;\"><span  style=\"font-size: small;\">Web: <a  href=\"https:\/\/reiner-geiger.de\/clone\" class=\"\">reiner geiger<\/a><\/span><\/span><\/li>\n<li ><span  style=\"font-family: Verdana,sans-serif;\"><span  style=\"font-size: small;\">Zur \u00dcbermittlung vertraulicher Informationen lesen Sie bitte unbedingt den <a href=\"https:\/\/reiner-geiger.de\/clone\/body_impressum.html\/#Daten%C3%BCbermittlung\" target=\"_self\" rel=\"noopener noreferrer\" name=\"Hinweis\" class=\"\"><\/a>Hinweis zur verschl\u00fcsselten Daten\u00fcbermittlung!<\/span><\/span><\/li>\n<\/ul>\n<p ><span  style=\"color: #000000;\"><span  style=\"font-family: Verdana,sans-serif;\"><span  style=\"font-size: small;\"><strong >Status<\/strong><\/span><\/span><\/span><\/p>\n<hr >\n<ul >\n<li ><span  style=\"font-family: Verdana,sans-serif;\"><span  style=\"font-size: small;\">Freiberufler, Inhaber und verantwortlicher Autor der Website<\/span><\/span><\/li>\n<li ><span  style=\"font-family: Verdana,sans-serif;\"><span  style=\"font-size: small;\">Finanzamt: Hattingen<\/span><\/span><\/li>\n<li ><span  style=\"font-family: Verdana,sans-serif;\"><span  style=\"font-size: small;\">Steuernummer: 323\/5029\/2886<\/span><\/span><\/li>\n<li ><span  style=\"font-family: Verdana,sans-serif;\"><span  style=\"font-size: small;\">USt-ID: DE277226791<\/span><\/span><\/li>\n<\/ul>\n<p ><span  style=\"color: #4c4c4c;\"><span  style=\"font-family: Verdana,sans-serif;\"><span  style=\"font-size: small;\"><strong >Ausbildung<\/strong><\/span><\/span><\/span><\/p>\n<hr >\n<ul >\n<li ><span  style=\"font-family: Verdana,sans-serif;\"><span  style=\"font-size: small;\">Studium der&nbsp; Nachrichtentechnik an der FH Aachen.<\/span><\/span><\/li>\n<li ><span  style=\"font-family: Verdana,sans-serif;\"><span  style=\"font-size: small;\">Dipl.-Ing. FH, Abschlu\u00df 1982.<\/span><\/span><\/li>\n<\/ul>\n<p ><span  style=\"color: #4c4c4c;\"><span  style=\"font-family: Verdana,sans-serif;\"><span  style=\"font-size: small;\"><strong >T\u00e4tigkeitsfelder<\/strong><\/span><\/span><\/span><\/p>\n<hr >\n<ul >\n<li ><span  style=\"font-family: Verdana,sans-serif;\"><span  style=\"font-size: small;\">Beratung \/ Consulting <\/span><\/span><\/li>\n<li ><span  style=\"font-family: Verdana,sans-serif;\"><span  style=\"font-size: small;\">Projektleitung \/ Organisation<\/span><\/span><\/li>\n<li ><span  style=\"font-family: Verdana,sans-serif;\"><span  style=\"font-size: small;\">Softwareentwicklung <\/span><\/span><\/li>\n<li ><span  style=\"font-family: Verdana,sans-serif;\"><span  style=\"font-size: small;\">Hardwareentwicklung<\/span><\/span><\/li>\n<li ><span  style=\"font-family: Verdana,sans-serif;\"><span  style=\"font-size: small;\">Schulung \/ Coaching<\/span><\/span><\/li>\n<li ><span  style=\"font-family: Verdana,sans-serif;\"><span  style=\"font-size: small;\">Technische Dokumentation<\/span><\/span><\/li>\n<li ><span  style=\"font-family: Verdana,sans-serif;\"><span  style=\"font-size: small;\">Web Design<\/span><\/span><\/li>\n<\/ul>\n<p ><span  style=\"color: #000000;\"><span  style=\"font-family: Verdana,sans-serif;\"><span  style=\"font-size: small;\"><strong >Daten\u00fcbermittlung<\/strong><\/span><\/span><\/span><\/p>\n<hr >\n<p ><span  style=\"font-family: Verdana,sans-serif;\"><span  style=\"font-size: small;\">Zur \u00dcbermittlung vertraulicher Daten und Unterlagen benutzen Sie bitte folgende GnuPG Verschl\u00fcsselungsparameter f\u00fcr Ihre E-Mail:<\/span><\/span><\/p>\n<ul >\n<li ><span  style=\"font-family: Arial,sans-serif;\"><span  style=\"font-size: small;\">KEYSERVER: subkeys.pgp.net<\/span><\/span><\/li>\n<li ><span  style=\"font-family: Arial,sans-serif;\"><span  style=\"font-size: small;\">Schl\u00fcssel-ID:&nbsp;&nbsp; <span  style=\"font-family: Verdana,sans-serif;\">0xD96B6FFE<\/span><\/span><\/span><\/li>\n<li ><span  style=\"font-family: Arial,sans-serif;\"><span  style=\"font-size: small;\">Fingerprint:&nbsp;&nbsp;&nbsp;&nbsp;&nbsp; 7EAF DEF9 9531 BB21 DCF2 8BC2 5F2C EAF6 D96B 6FFE<\/span><\/span><\/li>\n<\/ul>\n<p ><span  style=\"color: #000000;\"><span  style=\"font-family: Verdana,sans-serif;\"><span  style=\"font-size: small;\"><strong >Copyright<\/strong><\/span><\/span><\/span><\/p>\n<hr >\n<p ><span  style=\"font-family: Verdana,sans-serif;\"><span  style=\"font-size: small;\">Der gesamte Inhalt dieser Website darf nicht ohne meine Zustimmung kopiert, vervielf\u00e4ltigt oder weiterver\u00f6ffentlicht werden. <\/span><\/span><\/p>\n<p ><span  style=\"font-family: Verdana,sans-serif;\"><span  style=\"font-size: small;\">Gesamter Inhalt: \u00a9 2013 bis 2019 Reiner Geiger<\/span><\/span><\/p>\n<p ><span  style=\"color: #000000;\"><span  style=\"font-family: Verdana,sans-serif;\"><span  style=\"font-size: small;\"><strong >Konzept und Design<\/strong><\/span><\/span><\/span><\/p>\n<hr >\n<p ><span  style=\"font-family: Verdana,sans-serif;\"><span  style=\"font-size: small;\">Konzept &amp; Design: \u00a9 2013-2019 Reiner Geiger<\/span><\/span><\/p>\n<p ><\/p>\n<p ><\/p>\n\n          <\/div>\n      <\/div>\n  <\/div>\n<\/div>","protected":false},"excerpt":{"rendered":"<p>Gem\u00e4\u00df \u00a7 28 BDSG widerspreche ich jeder kommerziellen Verwendung und Weitergabe meiner Daten. Adresse Dip.-Ing. (FH) Reiner Geiger Silscheder Str. 26 D-45549 Sprockh\u00f6vel Deutschland Tel.: +49 (0) 2339 \/ 9088262 Fax: +49 (0) 2339 \/ 9088264 eMail: Reiner Geiger Web: reiner geiger Zur \u00dcbermittlung vertraulicher Informationen lesen Sie bitte unbedingt den Hinweis zur verschl\u00fcsselten Daten\u00fcbermittlung!&hellip; <br \/> <a class=\"read-more\" href=\"https:\/\/reiner-geiger.de\/?page_id=18\">Weiterlesen<\/a><\/p>\n","protected":false},"author":1,"featured_media":0,"parent":0,"menu_order":0,"comment_status":"closed","ping_status":"closed","template":"pro\/page-templates\/full-width-page.php","meta":{"footnotes":""},"class_list":["post-18","page","type-page","status-publish","hentry"],"_links":{"self":[{"href":"https:\/\/reiner-geiger.de\/index.php?rest_route=\/wp\/v2\/pages\/18","targetHints":{"allow":["GET"]}}],"collection":[{"href":"https:\/\/reiner-geiger.de\/index.php?rest_route=\/wp\/v2\/pages"}],"about":[{"href":"https:\/\/reiner-geiger.de\/index.php?rest_route=\/wp\/v2\/types\/page"}],"author":[{"embeddable":true,"href":"https:\/\/reiner-geiger.de\/index.php?rest_route=\/wp\/v2\/users\/1"}],"replies":[{"embeddable":true,"href":"https:\/\/reiner-geiger.de\/index.php?rest_route=%2Fwp%2Fv2%2Fcomments&post=18"}],"version-history":[{"count":24,"href":"https:\/\/reiner-geiger.de\/index.php?rest_route=\/wp\/v2\/pages\/18\/revisions"}],"predecessor-version":[{"id":662,"href":"https:\/\/reiner-geiger.de\/index.php?rest_route=\/wp\/v2\/pages\/18\/revisions\/662"}],"wp:attachment":[{"href":"https:\/\/reiner-geiger.de\/index.php?rest_route=%2Fwp%2Fv2%2Fmedia&parent=18"}],"curies":[{"name":"wp","href":"https:\/\/api.w.org\/{rel}","templated":true}]}}