{"id":176,"date":"2013-07-03T10:49:36","date_gmt":"2013-07-03T10:49:36","guid":{"rendered":"https:\/\/reiner-geiger.online\/clone\/?page_id=176"},"modified":"2020-06-03T17:07:10","modified_gmt":"2020-06-03T17:07:10","slug":"datenschutz","status":"publish","type":"page","link":"https:\/\/reiner-geiger.de\/?page_id=176","title":{"rendered":"datenschutz"},"content":{"rendered":"<div  data-id=\"initial-content-section\" data-export-id=\"initial-content-section\" data-label=\"Initial Content\" id=\"initial-content-section\" class=\"content-section content-section-spacing\" style=\"background-image: none; background-color: rgb(255, 255, 255);\">\n   <div  class=\"gridContainer\">\n     <div  class=\"row\">\n\n        <div  class=\"col-xs-12 col-sm-12\">                <h2 >Erkl\u00e4rung (15.05.2018)<\/h2>\n<hr >\n<p >Die Nutzung meiner Webseite ist ohne Angabe personenbezogener\/unternehmensbezogener Daten m\u00f6glich. Auf meinen Seiten werden keine personenbezogene Daten (beispielsweise Name, Anschrift oder eMail-Adressen) erhoben. Eine Kontaktaufnahme ist nicht direkt \u00fcber mechnismen innerhalb dieser Webseite vorgesehen; es werden daher keine Daten in irgeneiner Weise durch\/w\u00e4hrend der Nutzung dieser Webseite gespeichert.<\/p>\n<p >Eine Kontakaufnahme \u00fcber EMail oder Telefon und die \u00dcbermittelung\/\u00dcberlassung von Daten jeglicher Art erfolgt stets auf <span  style=\"color: #ff0000;\">freiwilliger Basis<\/span>.Informationen zu den \u00dcbermittlungswegen finden Sie <a  href=\"https:\/\/reiner-geiger.de\/clone?page_id=402\">hier<\/a>.<\/p>\n<p >Kundenbezogene Daten aus einer Kontaktaufnahme und\/oder eventuellen bilateralen Gesch\u00e4ftsbeziehung werden selbstverst\u00e4ndlich ohne Ihre ausdr\u00fcckliche Zustimmung nicht an Dritte weitergegeben.<\/p>\n<p >Personenbezogene Daten, die mir zur Kenntnis kommen, werden je nach der Beziehung zwischen Ihnen und mir auf unterschiedliche Weise zur Kenntnis genommen, gespeichert und verarbeitet. Die L\u00f6schung dieser Daten unterliegt teilweise denAufbewahrungsfristen f\u00fcr Gesch\u00e4ftsunterlagen nach den Grunds\u00e4tzen der ordnungsgem\u00e4\u00dfen Buchf\u00fchrung und kann in diesen F\u00e4llen von Ihnen nicht vorfristig verlangt werden.<\/p>\n<p >\u00dcber alle bei uns \u00fcber Sie gespeicherten Daten informieren wir Sie nach erfolgter Authentifizierung und Pr\u00fcfung Ihrer Berechtigung. Entsprechende Anfragen richten Sie an meinen Beauftragten&nbsp; f\u00fcr den Datenschutz.<\/p>\n<h2 >Eingrenzung der Datenhoheit<\/h2>\n<hr >\n<p >Ich weise vorsorglich darauf hin, dass von Ihnen an mich \u00fcbermittelte Daten vor ihrem Eintreffen bei uns die datenschutzm\u00e4\u00dfigen Verantwortungsbereiche anderer Dienstleister durchlaufen. Allerdings habe ich keinen Einfluss auf das Verhalten derjenigen Dienstleister, \u00fcber deren technische Systeme einerseits uns Daten \u00fcbermittelt werden, \u00fcber die ich andererseits wiederum Daten \u00fcbermittele. Mein Einfluss auf die deutschen Geheimdienste und die deutschen Polizeidienststellen ist gering und kann nur undeutlich und mit minimaler Wirkung durch mein Wahlverhalten auf Ebene der Kommune Sprockh\u00f6vel, des Landkreises Ennepe-Ruhr, des Bundeslandes NRW und auf Bundesebene geltend gemacht werden.<\/p>\n<p >Einen Einfluss auf die Dienste befreundeter und nicht befreundeter Staaten haben ich nicht, vermute allerdings aufgrund der Berichterstattung seri\u00f6ser Medien, dass selbst das abh\u00f6rsichere Handy der Bundeskanzlerin abgeh\u00f6rt wird, auch wenn das unter Freunden gar nicht geht.<\/p>\n<h2 >Abgrenzung von Datenkraken<\/h2>\n<hr >\n<p ><strong >Auf meinen Webseiten wird ausdr\u00fccklich auf den Einsatz von Methoden\/Werkzeugen zur Analyse und \u00dcberwachung von Besucherstr\u00f6men verzichtet. Ebenso kommen keinerlei Dienste f\u00fcr Onlinemarketing , Internetwerbung und\/oder Links zu sozialem Medien zum Einsatz.<\/strong><\/p>\n<p >Ich unterhalte keine Gesch\u00e4ftsbeziehungen zu so genannten Datenkraken, Sozialen Netzwerken, Datenh\u00e4ndlern, Meinungsforschungsinstituten etc., kann jedoch aufgrund der vorstehend geschilderten Umst\u00e4nde nicht garantieren, dass Ihre mir \u00fcbermittelten Daten auf dem \u00dcbermittlungswege dennoch in deren H\u00e4nde fallen. Ggfs. m\u00fcssen Sie Auskunftsersuchen an Google, Facebook, Twitter, etc. richten, um herauszufinden, auf welcher Rechtsgrundlage dort ggfs. Daten gespeichert sind, die origin\u00e4r einer eventuellen bilateralen Gesch\u00e4ftsbeziehung zugeordnet werden k\u00f6nnen, ohne dass ich Ihre Daten dorthin \u00fcbermittelt oder Kenntnis von dieser \u00dcbermittlung erhalten habe.<\/p>\n<h2 >Buchhaltung, Steuerberatung, Finanzamt, Rentenversicherung<\/h2>\n<hr >\n<p >Ich arbeite mit berufsst\u00e4ndisch zur Verschwiegenheit verpflichteten Dienstleistern im Buchhaltungs- und Steuerberatungsbereich zusammen, denen regelm\u00e4\u00dfig Daten aus Fakturierung und Inkasso in nicht unmittelbar elektronisch weiter verarbeitbarer Form zur Verf\u00fcgung gestellt werden, was unter Umst\u00e4nden auch zur Vorlage personenbezogener Daten meiner Kunden beim zust\u00e4ndigen Finanzamt f\u00fchren kann. Selbst die Rentenversicherung kann im Zuge einer Betriebspr\u00fcfung Informationen zu den bei mir \u00fcber Sie gespeicherten Daten erlangen.<\/p>\n<h2 >Banken<\/h2>\n<hr >\n<p >Soweit Sie per Bank\u00fcberweisung zahlen, werden Ihre Zahlungsdaten von unserem Bankinstitut erfasst und gespeichert. Die Kontaktinformationen entnehmen Sie bitte der Webseite der im Schriftverkehr genannten Bankverbindung.<\/p>\n<p >Zus\u00e4tzlich sollten Sie auch die Datenschutzerkl\u00e4rung des von Ihnen mit der Durchf\u00fchrung der \u00dcberweisung beauftragten Geldinstitutes auf den Internetseiten dieses Institutes suchen, herunterladen, ausdrucken und gewissenhaft lesen, zumal das ehemals eherne Bankgeheimnis inzwischen nicht mehr wiederzuerkennen ist.<\/p>\n<h2 >EMail<\/h2>\n<hr >\n<p >Mein EMail-Verkehr wird \u00fcber einen eigenen Server von der Firma<\/p>\n<p >HostEurpeHost Europe GmbH<br >\nHansestr. 111<br >\n51149 K\u00f6ln<\/p>\n<p >abgewickelt.<\/p>\n<p >Auf die bei der HostEurope GmbH im Zuge der Verarbeitung dort unter Umst\u00e4nden vorgenommenen Bearbeitungen und Auswertungen personenbezogener Daten aus der Gesch\u00e4ftsbeziehung zwischen der HostEurope GmbH und mir habe ich keinen Einfluss, weise jedoch darauf hin dass sich die HostEurope GmbH bestimmte Nutzungsm\u00f6glichkeiten vorbeh\u00e4lt, was in der Datenschutzerkl\u00e4rung der HostEurope GmbH, beschrieben ist:&nbsp; <a  href=\"https:\/\/www.hosteurope.de\/AGB\/Datenschutzerklaerung\" class=\"\">www.hosteurope.de \u2013 Datenschutzerklaerung<\/a>.<\/p>\n<h2 >Schutz der Daten auf meinen Rechnern<\/h2>\n<hr >\n<p >Meine Rechner befinden sich in meinen B\u00fcror\u00e4umen, die w\u00e4hrend meiner Abwesenheit verschlossen und gegen unbefugtes Eindringen gesichert sind.<br >\nPublikumsverkehr findet nicht statt. Besucher werden au\u00dferhalb der B\u00fcror\u00e4ume empfangen.<\/p>\n<p >Der Zugang zu Daten und Programmen auf meinen Rechnern ist passwortgesch\u00fctzt.<\/p>\n<p >Um Zugriffe Unberechtigter \u00fcber das Internet zu verhindern, ist der Zugang zu meinem meinem EMail-Server sowie dem WLAN-Router im lokalen Netz meiner B\u00fcror\u00e4ume&nbsp; gesichert und durch Passwort gesch\u00fctzt, eine Firewall blockiert alle Angriffe auf das System, ausgenommen solche, die mit bisher unbekannten oder eigens zu diesem Zweck geschaffenen (Staatstrojaner) Mitteln und\/oder von technisch \u00fcberlegenen Organisationen (russische Hacker, NSA, BKA, Verfassungsschutz, etc.) \u00fcber besondere Zug\u00e4nge vorgetragen werden.<\/p>\n<h2 >L\u00f6schung von Daten<\/h2>\n<hr >\n<p >Die von mir erfassten und gespeicherten Daten stehen grunds\u00e4tzlich in urs\u00e4chlichem Zusammenhang mit der Bearbeitung von Auftr\u00e4gen und m\u00fcnden u.U. in eine Rechnung. Die Rechnung selbst muss nach den Vorschriften der ordnungsgem\u00e4\u00dfen Buchf\u00fchrung f\u00fcr 10 Jahre aufbewahrt werden, so dass auch die von mir zur Auftragsbearbeitung erfassten Daten f\u00fcr 10 Jahre erhalten bleiben.<\/p>\n<h2 >Datenschutzbeauftragter<\/h2>\n<hr >\n<p >Mit der Wahrung des Schutzes personenbezogener Daten ist in meinem Unternehmen Herr Reiner Geiger betraut.<\/p>\n<p >Sie erreichen ihn per EMail unter der Adresse&nbsp; : <a  href=\"mailto:\/\/reiner-geiger@reiner-geiger.de\">Datenschutzbeauftragter<\/a>,<\/p>\n<p >per FAX unter der Nummer 02339-9088264, oder per<br >\nBriefpost unter Reiner Geiger, Silscheder Str. 26, 45549 Sprockh\u00f6vel.<\/p>\n<h2 >Auskunftsersuchen<\/h2>\n<hr >\n<p >Auskunftsersuchen, Beschwerden und sonstige den Schutz Ihrer pers\u00f6nlichen Daten betreffende Anliegen richten Sie bitte schriftlich an den Datenschutzbeauftragten.<\/p>\n<h2 >Schlussbestimmungen<\/h2>\n<hr >\n<p >Ich behalte mir vor, diese Datenschutzerkl\u00e4rung jederzeit ver\u00e4nderten gesetzlichen Vorschriften oder unternehmerischen Erfordernissen anzupassen.<br >\nBitte achten Sie darauf, stets die aktuelle Version aufzurufen und zu lesen, bevor Sie mir Ihre Daten anvertrauen.<\/p>\n<hr >\n<p >Sprockh\u00f6vel, 15.05.2018<\/p>\n\n          <\/div>\n      <\/div>\n  <\/div>\n<\/div>","protected":false},"excerpt":{"rendered":"<p>Erkl\u00e4rung (15.05.2018) Die Nutzung meiner Webseite ist ohne Angabe personenbezogener\/unternehmensbezogener Daten m\u00f6glich. Auf meinen Seiten werden keine personenbezogene Daten (beispielsweise Name, Anschrift oder eMail-Adressen) erhoben. Eine Kontaktaufnahme ist nicht direkt \u00fcber mechnismen innerhalb dieser Webseite vorgesehen; es werden daher keine Daten in irgeneiner Weise durch\/w\u00e4hrend der Nutzung dieser Webseite gespeichert. Eine Kontakaufnahme \u00fcber EMail oder&hellip; <br \/> <a class=\"read-more\" href=\"https:\/\/reiner-geiger.de\/?page_id=176\">Weiterlesen<\/a><\/p>\n","protected":false},"author":1,"featured_media":0,"parent":0,"menu_order":0,"comment_status":"closed","ping_status":"closed","template":"pro\/page-templates\/full-width-page.php","meta":{"footnotes":""},"class_list":["post-176","page","type-page","status-publish","hentry"],"_links":{"self":[{"href":"https:\/\/reiner-geiger.de\/index.php?rest_route=\/wp\/v2\/pages\/176","targetHints":{"allow":["GET"]}}],"collection":[{"href":"https:\/\/reiner-geiger.de\/index.php?rest_route=\/wp\/v2\/pages"}],"about":[{"href":"https:\/\/reiner-geiger.de\/index.php?rest_route=\/wp\/v2\/types\/page"}],"author":[{"embeddable":true,"href":"https:\/\/reiner-geiger.de\/index.php?rest_route=\/wp\/v2\/users\/1"}],"replies":[{"embeddable":true,"href":"https:\/\/reiner-geiger.de\/index.php?rest_route=%2Fwp%2Fv2%2Fcomments&post=176"}],"version-history":[{"count":27,"href":"https:\/\/reiner-geiger.de\/index.php?rest_route=\/wp\/v2\/pages\/176\/revisions"}],"predecessor-version":[{"id":674,"href":"https:\/\/reiner-geiger.de\/index.php?rest_route=\/wp\/v2\/pages\/176\/revisions\/674"}],"wp:attachment":[{"href":"https:\/\/reiner-geiger.de\/index.php?rest_route=%2Fwp%2Fv2%2Fmedia&parent=176"}],"curies":[{"name":"wp","href":"https:\/\/api.w.org\/{rel}","templated":true}]}}